{"id":38231,"date":"2026-03-03T12:10:36","date_gmt":"2026-03-03T11:10:36","guid":{"rendered":"https:\/\/alleydocks.com\/?post_type=product&#038;p=38231"},"modified":"2026-05-03T01:01:35","modified_gmt":"2026-05-02T23:01:35","slug":"rust-colored-delave-linen-shirt","status":"publish","type":"product","link":"https:\/\/alleydocks.com\/en\/product\/rust-colored-delave-linen-shirt\/","title":{"rendered":"Rust-colored delav\u00e9 linen shirt"},"content":{"rendered":"<div>Long-sleeved shirt with French collar, made of delav\u00e9 linen fabric, in solid color, rust color.<\/div>\n<div><\/div>\n<div>The particular delav\u00e9 workmanship gives the fabric a slightly lived and shaded effect, enhancing the natural materiality of linen. The warm and enveloping rust shade recalls Mediterranean atmospheres and gives the garment a decisive but refined personality.<\/div>\n<div><\/div>\n<div>Linen ensures freshness, breathability and comfort, making the shirt ideal for the spring and summer seasons. The irregular and authentic texture of the delav\u00e9 enhances the solid color, creating chromatic depth and a casual elegance.<\/div>\n<div><\/div>\n<div>The model is completed by a French neck with removable slats, mother-of-pearl buttons on the front and wrists, a contrasting bronze front button, contrasting piping and side flies on the bottom.<\/div>\n","protected":false},"excerpt":{"rendered":"<div>Long-sleeved shirt with French collar, made of delav\u00e9 linen fabric, in solid color, rust color.<\/div>\n","protected":false},"featured_media":39955,"comment_status":"closed","ping_status":"closed","template":"","meta":{"_acf_changed":false},"product_brand":[],"product_cat":[346,344,350,1326,352,345,354],"product_tag":[],"class_list":{"0":"post-38231","1":"product","2":"type-product","3":"status-publish","4":"has-post-thumbnail","6":"product_cat-casual-shirts","7":"product_cat-clothing","8":"product_cat-fantasy-shirts","9":"product_cat-linen-shirts","10":"product_cat-long-sleeved-shirts","11":"product_cat-shirts","12":"product_cat-solid-shirts","14":"first","15":"instock","16":"shipping-taxable","17":"purchasable","18":"product-type-variable"},"acf":[],"yoast_head":"<!-- This site is optimized with the Yoast SEO plugin v27.1.1 - https:\/\/yoast.com\/product\/yoast-seo-wordpress\/ -->\n<title>Rust-colored delav\u00e9 linen shirt - Alley Docks<\/title>\n<meta name=\"description\" content=\"Long-sleeved shirt with French collar, made of delav\u00e9 linen fabric, in solid color, rust color.The particular delav\u00e9 workmanship gives the fabric a...\" \/>\n<meta name=\"robots\" content=\"index, follow, max-snippet:-1, max-image-preview:large, max-video-preview:-1\" \/>\n<link rel=\"canonical\" href=\"https:\/\/alleydocks.com\/en\/product\/rust-colored-delave-linen-shirt\/\" \/>\n<meta property=\"og:locale\" content=\"en_US\" \/>\n<meta property=\"og:type\" content=\"article\" \/>\n<meta property=\"og:title\" content=\"Rust-colored delav\u00e9 linen shirt - Alley Docks\" \/>\n<meta property=\"og:description\" content=\"Long-sleeved shirt with French collar, made of delav\u00e9 linen fabric, in solid color, rust color.The particular delav\u00e9 workmanship gives the fabric a...\" \/>\n<meta property=\"og:url\" content=\"https:\/\/alleydocks.com\/en\/product\/rust-colored-delave-linen-shirt\/\" \/>\n<meta property=\"og:site_name\" content=\"Alley Docks\" \/>\n<meta property=\"article:publisher\" content=\"https:\/\/www.facebook.com\/AlleyDocks\/\" \/>\n<meta property=\"article:modified_time\" content=\"2026-05-02T23:01:35+00:00\" \/>\n<meta property=\"og:image\" content=\"https:\/\/alleydocks.com\/wp-content\/uploads\/2026\/03\/AU26S06CA_LINENDELAV-683x1024.png\" \/>\n\t<meta property=\"og:image:width\" content=\"683\" \/>\n\t<meta property=\"og:image:height\" content=\"1024\" \/>\n\t<meta property=\"og:image:type\" content=\"image\/png\" \/>\n<meta name=\"twitter:card\" content=\"summary_large_image\" \/>\n<meta name=\"twitter:label1\" content=\"Est. reading time\" \/>\n\t<meta name=\"twitter:data1\" content=\"1 minute\" \/>\n<script type=\"application\/ld+json\" class=\"yoast-schema-graph\">{\"@context\":\"https:\/\/schema.org\",\"@graph\":[{\"@type\":\"WebPage\",\"@id\":\"https:\/\/alleydocks.com\/en\/product\/rust-colored-delave-linen-shirt\/\",\"url\":\"https:\/\/alleydocks.com\/en\/product\/rust-colored-delave-linen-shirt\/\",\"name\":\"Rust-colored delav\u00e9 linen shirt - Alley Docks\",\"isPartOf\":{\"@id\":\"https:\/\/alleydocks.com\/en\/#website\"},\"primaryImageOfPage\":{\"@id\":\"https:\/\/alleydocks.com\/en\/product\/rust-colored-delave-linen-shirt\/#primaryimage\"},\"image\":{\"@id\":\"https:\/\/alleydocks.com\/en\/product\/rust-colored-delave-linen-shirt\/#primaryimage\"},\"thumbnailUrl\":\"https:\/\/alleydocks.com\/wp-content\/uploads\/2026\/03\/AU26S06CA_LINENDELAV-scaled.png\",\"datePublished\":\"2026-03-03T11:10:36+00:00\",\"dateModified\":\"2026-05-02T23:01:35+00:00\",\"description\":\"Long-sleeved shirt with French collar, made of delav\u00e9 linen fabric, in solid color, rust color.The particular delav\u00e9 workmanship gives the fabric a...\",\"breadcrumb\":{\"@id\":\"https:\/\/alleydocks.com\/en\/product\/rust-colored-delave-linen-shirt\/#breadcrumb\"},\"inLanguage\":\"en-US\",\"potentialAction\":[{\"@type\":\"ReadAction\",\"target\":[\"https:\/\/alleydocks.com\/en\/product\/rust-colored-delave-linen-shirt\/\"]}]},{\"@type\":\"ImageObject\",\"inLanguage\":\"en-US\",\"@id\":\"https:\/\/alleydocks.com\/en\/product\/rust-colored-delave-linen-shirt\/#primaryimage\",\"url\":\"https:\/\/alleydocks.com\/wp-content\/uploads\/2026\/03\/AU26S06CA_LINENDELAV-scaled.png\",\"contentUrl\":\"https:\/\/alleydocks.com\/wp-content\/uploads\/2026\/03\/AU26S06CA_LINENDELAV-scaled.png\",\"width\":1707,\"height\":2560},{\"@type\":\"BreadcrumbList\",\"@id\":\"https:\/\/alleydocks.com\/en\/product\/rust-colored-delave-linen-shirt\/#breadcrumb\",\"itemListElement\":[{\"@type\":\"ListItem\",\"position\":1,\"name\":\"Home\",\"item\":\"https:\/\/alleydocks.com\/en\/\"},{\"@type\":\"ListItem\",\"position\":2,\"name\":\"Shop\",\"item\":\"https:\/\/alleydocks.com\/en\/shop\/\"},{\"@type\":\"ListItem\",\"position\":3,\"name\":\"Rust-colored delav\u00e9 linen shirt\"}]},{\"@type\":\"WebSite\",\"@id\":\"https:\/\/alleydocks.com\/en\/#website\",\"url\":\"https:\/\/alleydocks.com\/en\/\",\"name\":\"Alley Docks\",\"description\":\"Abbigliamento Uomo On-Line\",\"publisher\":{\"@id\":\"https:\/\/alleydocks.com\/en\/#organization\"},\"potentialAction\":[{\"@type\":\"SearchAction\",\"target\":{\"@type\":\"EntryPoint\",\"urlTemplate\":\"https:\/\/alleydocks.com\/en\/?s={search_term_string}\"},\"query-input\":{\"@type\":\"PropertyValueSpecification\",\"valueRequired\":true,\"valueName\":\"search_term_string\"}}],\"inLanguage\":\"en-US\"},{\"@type\":\"Organization\",\"@id\":\"https:\/\/alleydocks.com\/en\/#organization\",\"name\":\"Alley Docks\",\"url\":\"https:\/\/alleydocks.com\/en\/\",\"logo\":{\"@type\":\"ImageObject\",\"inLanguage\":\"en-US\",\"@id\":\"https:\/\/alleydocks.com\/en\/#\/schema\/logo\/image\/\",\"url\":\"https:\/\/alleydocks.com\/wp-content\/uploads\/2021\/12\/logo-nero-alleydocks.png\",\"contentUrl\":\"https:\/\/alleydocks.com\/wp-content\/uploads\/2021\/12\/logo-nero-alleydocks.png\",\"width\":336,\"height\":115,\"caption\":\"Alley Docks\"},\"image\":{\"@id\":\"https:\/\/alleydocks.com\/en\/#\/schema\/logo\/image\/\"},\"sameAs\":[\"https:\/\/www.facebook.com\/AlleyDocks\/\",\"https:\/\/www.instagram.com\/alley_docks\/\"]}]}<\/script>\n<!-- \/ Yoast SEO plugin. -->","yoast_head_json":{"title":"Rust-colored delav\u00e9 linen shirt - Alley Docks","description":"Long-sleeved shirt with French collar, made of delav\u00e9 linen fabric, in solid color, rust color.The particular delav\u00e9 workmanship gives the fabric a...","robots":{"index":"index","follow":"follow","max-snippet":"max-snippet:-1","max-image-preview":"max-image-preview:large","max-video-preview":"max-video-preview:-1"},"canonical":"https:\/\/alleydocks.com\/en\/product\/rust-colored-delave-linen-shirt\/","og_locale":"en_US","og_type":"article","og_title":"Rust-colored delav\u00e9 linen shirt - Alley Docks","og_description":"Long-sleeved shirt with French collar, made of delav\u00e9 linen fabric, in solid color, rust color.The particular delav\u00e9 workmanship gives the fabric a...","og_url":"https:\/\/alleydocks.com\/en\/product\/rust-colored-delave-linen-shirt\/","og_site_name":"Alley Docks","article_publisher":"https:\/\/www.facebook.com\/AlleyDocks\/","article_modified_time":"2026-05-02T23:01:35+00:00","og_image":[{"width":683,"height":1024,"url":"https:\/\/alleydocks.com\/wp-content\/uploads\/2026\/03\/AU26S06CA_LINENDELAV-683x1024.png","type":"image\/png"}],"twitter_card":"summary_large_image","twitter_misc":{"Est. reading time":"1 minute"},"schema":{"@context":"https:\/\/schema.org","@graph":[{"@type":"WebPage","@id":"https:\/\/alleydocks.com\/en\/product\/rust-colored-delave-linen-shirt\/","url":"https:\/\/alleydocks.com\/en\/product\/rust-colored-delave-linen-shirt\/","name":"Rust-colored delav\u00e9 linen shirt - Alley Docks","isPartOf":{"@id":"https:\/\/alleydocks.com\/en\/#website"},"primaryImageOfPage":{"@id":"https:\/\/alleydocks.com\/en\/product\/rust-colored-delave-linen-shirt\/#primaryimage"},"image":{"@id":"https:\/\/alleydocks.com\/en\/product\/rust-colored-delave-linen-shirt\/#primaryimage"},"thumbnailUrl":"https:\/\/alleydocks.com\/wp-content\/uploads\/2026\/03\/AU26S06CA_LINENDELAV-scaled.png","datePublished":"2026-03-03T11:10:36+00:00","dateModified":"2026-05-02T23:01:35+00:00","description":"Long-sleeved shirt with French collar, made of delav\u00e9 linen fabric, in solid color, rust color.The particular delav\u00e9 workmanship gives the fabric a...","breadcrumb":{"@id":"https:\/\/alleydocks.com\/en\/product\/rust-colored-delave-linen-shirt\/#breadcrumb"},"inLanguage":"en-US","potentialAction":[{"@type":"ReadAction","target":["https:\/\/alleydocks.com\/en\/product\/rust-colored-delave-linen-shirt\/"]}]},{"@type":"ImageObject","inLanguage":"en-US","@id":"https:\/\/alleydocks.com\/en\/product\/rust-colored-delave-linen-shirt\/#primaryimage","url":"https:\/\/alleydocks.com\/wp-content\/uploads\/2026\/03\/AU26S06CA_LINENDELAV-scaled.png","contentUrl":"https:\/\/alleydocks.com\/wp-content\/uploads\/2026\/03\/AU26S06CA_LINENDELAV-scaled.png","width":1707,"height":2560},{"@type":"BreadcrumbList","@id":"https:\/\/alleydocks.com\/en\/product\/rust-colored-delave-linen-shirt\/#breadcrumb","itemListElement":[{"@type":"ListItem","position":1,"name":"Home","item":"https:\/\/alleydocks.com\/en\/"},{"@type":"ListItem","position":2,"name":"Shop","item":"https:\/\/alleydocks.com\/en\/shop\/"},{"@type":"ListItem","position":3,"name":"Rust-colored delav\u00e9 linen shirt"}]},{"@type":"WebSite","@id":"https:\/\/alleydocks.com\/en\/#website","url":"https:\/\/alleydocks.com\/en\/","name":"Alley Docks","description":"Abbigliamento Uomo On-Line","publisher":{"@id":"https:\/\/alleydocks.com\/en\/#organization"},"potentialAction":[{"@type":"SearchAction","target":{"@type":"EntryPoint","urlTemplate":"https:\/\/alleydocks.com\/en\/?s={search_term_string}"},"query-input":{"@type":"PropertyValueSpecification","valueRequired":true,"valueName":"search_term_string"}}],"inLanguage":"en-US"},{"@type":"Organization","@id":"https:\/\/alleydocks.com\/en\/#organization","name":"Alley Docks","url":"https:\/\/alleydocks.com\/en\/","logo":{"@type":"ImageObject","inLanguage":"en-US","@id":"https:\/\/alleydocks.com\/en\/#\/schema\/logo\/image\/","url":"https:\/\/alleydocks.com\/wp-content\/uploads\/2021\/12\/logo-nero-alleydocks.png","contentUrl":"https:\/\/alleydocks.com\/wp-content\/uploads\/2021\/12\/logo-nero-alleydocks.png","width":336,"height":115,"caption":"Alley Docks"},"image":{"@id":"https:\/\/alleydocks.com\/en\/#\/schema\/logo\/image\/"},"sameAs":["https:\/\/www.facebook.com\/AlleyDocks\/","https:\/\/www.instagram.com\/alley_docks\/"]}]}},"_links":{"self":[{"href":"https:\/\/alleydocks.com\/en\/wp-json\/wp\/v2\/product\/38231","targetHints":{"allow":["GET"]}}],"collection":[{"href":"https:\/\/alleydocks.com\/en\/wp-json\/wp\/v2\/product"}],"about":[{"href":"https:\/\/alleydocks.com\/en\/wp-json\/wp\/v2\/types\/product"}],"replies":[{"embeddable":true,"href":"https:\/\/alleydocks.com\/en\/wp-json\/wp\/v2\/comments?post=38231"}],"wp:featuredmedia":[{"embeddable":true,"href":"https:\/\/alleydocks.com\/en\/wp-json\/wp\/v2\/media\/39955"}],"wp:attachment":[{"href":"https:\/\/alleydocks.com\/en\/wp-json\/wp\/v2\/media?parent=38231"}],"wp:term":[{"taxonomy":"product_brand","embeddable":true,"href":"https:\/\/alleydocks.com\/en\/wp-json\/wp\/v2\/product_brand?post=38231"},{"taxonomy":"product_cat","embeddable":true,"href":"https:\/\/alleydocks.com\/en\/wp-json\/wp\/v2\/product_cat?post=38231"},{"taxonomy":"product_tag","embeddable":true,"href":"https:\/\/alleydocks.com\/en\/wp-json\/wp\/v2\/product_tag?post=38231"}],"curies":[{"name":"wp","href":"https:\/\/api.w.org\/{rel}","templated":true}]}}